{"id":2589,"date":"2023-06-19T13:41:23","date_gmt":"2023-06-19T13:41:23","guid":{"rendered":"https:\/\/www-cbcharta-ch.jointcreate.community\/?page_id=2589"},"modified":"2023-10-12T01:42:46","modified_gmt":"2023-10-12T01:42:46","slug":"impressum","status":"publish","type":"page","link":"https:\/\/buildify.earth\/de_ch\/impressum\/","title":{"rendered":"Impressum"},"content":{"rendered":"\t\t<div data-elementor-type=\"wp-page\" data-elementor-id=\"2589\" class=\"elementor elementor-2589\">\n\t\t\t\t\t\t\t\t\t<section class=\"elementor-section elementor-top-section elementor-element elementor-element-ca2bd38 elementor-section-boxed elementor-section-height-default elementor-section-height-default wpr-particle-no wpr-jarallax-no wpr-parallax-no wpr-sticky-section-no\" data-id=\"ca2bd38\" data-element_type=\"section\">\n\t\t\t\t\t\t<div class=\"elementor-container elementor-column-gap-default\">\n\t\t\t\t\t<div class=\"elementor-column elementor-col-100 elementor-top-column elementor-element elementor-element-12f821e\" data-id=\"12f821e\" data-element_type=\"column\">\n\t\t\t<div class=\"elementor-widget-wrap elementor-element-populated\">\n\t\t\t\t\t\t\t\t<section class=\"elementor-section elementor-inner-section elementor-element elementor-element-d8e090e elementor-section-boxed elementor-section-height-default elementor-section-height-default wpr-particle-no wpr-jarallax-no wpr-parallax-no wpr-sticky-section-no\" data-id=\"d8e090e\" data-element_type=\"section\">\n\t\t\t\t\t\t<div class=\"elementor-container elementor-column-gap-default\">\n\t\t\t\t\t<div class=\"elementor-column elementor-col-100 elementor-inner-column elementor-element elementor-element-74795a4\" data-id=\"74795a4\" data-element_type=\"column\">\n\t\t\t<div class=\"elementor-widget-wrap elementor-element-populated\">\n\t\t\t\t\t\t\t\t<div class=\"elementor-element elementor-element-de0a079 elementor-widget elementor-widget-heading\" data-id=\"de0a079\" data-element_type=\"widget\" data-widget_type=\"heading.default\">\n\t\t\t\t<div class=\"elementor-widget-container\">\n\t\t\t<style>\/*! elementor - v3.15.0 - 20-08-2023 *\/\n.elementor-heading-title{padding:0;margin:0;line-height:1}.elementor-widget-heading .elementor-heading-title[class*=elementor-size-]>a{color:inherit;font-size:inherit;line-height:inherit}.elementor-widget-heading .elementor-heading-title.elementor-size-small{font-size:15px}.elementor-widget-heading .elementor-heading-title.elementor-size-medium{font-size:19px}.elementor-widget-heading .elementor-heading-title.elementor-size-large{font-size:29px}.elementor-widget-heading .elementor-heading-title.elementor-size-xl{font-size:39px}.elementor-widget-heading .elementor-heading-title.elementor-size-xxl{font-size:59px}<\/style><h2 class=\"elementor-heading-title elementor-size-default\">buildify.earth AG, Schweiz<\/h2>\t\t<\/div>\n\t\t\t\t<\/div>\n\t\t\t\t<div class=\"elementor-element elementor-element-a8bfc52 elementor-widget elementor-widget-text-editor\" data-id=\"a8bfc52\" data-element_type=\"widget\" data-widget_type=\"text-editor.default\">\n\t\t\t\t<div class=\"elementor-widget-container\">\n\t\t\t<style>\/*! elementor - v3.15.0 - 20-08-2023 *\/\n.elementor-widget-text-editor.elementor-drop-cap-view-stacked .elementor-drop-cap{background-color:#69727d;color:#fff}.elementor-widget-text-editor.elementor-drop-cap-view-framed .elementor-drop-cap{color:#69727d;border:3px solid;background-color:transparent}.elementor-widget-text-editor:not(.elementor-drop-cap-view-default) .elementor-drop-cap{margin-top:8px}.elementor-widget-text-editor:not(.elementor-drop-cap-view-default) .elementor-drop-cap-letter{width:1em;height:1em}.elementor-widget-text-editor .elementor-drop-cap{float:left;text-align:center;line-height:1;font-size:50px}.elementor-widget-text-editor .elementor-drop-cap-letter{display:inline-block}<\/style>\t\t\t\t<p><strong>Adresse:<\/strong> buildify.earth AG, Suurstoffi 18b, 6343 Rotkreuz, Schweiz<\/p><p><strong>Telefon:<\/strong> +41 41 531 13 23<\/p><p><strong>E-Mail:<\/strong> buildify@building-excellence.ch<\/p><p><strong>Gesch\u00e4ftsf\u00fchrung:<\/strong> Sem Mattli (CEO)<\/p><p><strong>Verwaltungsratspr\u00e4sident:<\/strong> Heinz M. Buhofer<\/p><p><strong>Unternehmens-Identifikationsnummer (UID):<\/strong> CHE-149.088.048<\/p>\t\t\t\t\t\t<\/div>\n\t\t\t\t<\/div>\n\t\t\t\t\t<\/div>\n\t\t<\/div>\n\t\t\t\t\t\t\t<\/div>\n\t\t<\/section>\n\t\t\t\t\t<\/div>\n\t\t<\/div>\n\t\t\t\t\t\t\t<\/div>\n\t\t<\/section>\n\t\t\t\t<section class=\"elementor-section elementor-top-section elementor-element elementor-element-d56880f elementor-section-boxed elementor-section-height-default elementor-section-height-default wpr-particle-no wpr-jarallax-no wpr-parallax-no wpr-sticky-section-no\" data-id=\"d56880f\" data-element_type=\"section\">\n\t\t\t\t\t\t<div class=\"elementor-container elementor-column-gap-default\">\n\t\t\t\t\t<div class=\"elementor-column elementor-col-100 elementor-top-column elementor-element elementor-element-b047a57\" data-id=\"b047a57\" data-element_type=\"column\">\n\t\t\t<div class=\"elementor-widget-wrap elementor-element-populated\">\n\t\t\t\t\t\t\t\t<section class=\"elementor-section elementor-inner-section elementor-element elementor-element-5efa559 elementor-section-boxed elementor-section-height-default elementor-section-height-default wpr-particle-no wpr-jarallax-no wpr-parallax-no wpr-sticky-section-no\" data-id=\"5efa559\" data-element_type=\"section\">\n\t\t\t\t\t\t<div class=\"elementor-container elementor-column-gap-default\">\n\t\t\t\t\t<div class=\"elementor-column elementor-col-100 elementor-inner-column elementor-element elementor-element-6beb1fc\" data-id=\"6beb1fc\" data-element_type=\"column\">\n\t\t\t<div class=\"elementor-widget-wrap elementor-element-populated\">\n\t\t\t\t\t\t\t\t<div class=\"elementor-element elementor-element-5dc1575 elementor-widget elementor-widget-heading\" data-id=\"5dc1575\" data-element_type=\"widget\" data-widget_type=\"heading.default\">\n\t\t\t\t<div class=\"elementor-widget-container\">\n\t\t\t<h2 class=\"elementor-heading-title elementor-size-default\">buildify.earth Inc., Switzerland<\/h2>\t\t<\/div>\n\t\t\t\t<\/div>\n\t\t\t\t<div class=\"elementor-element elementor-element-503ae29 elementor-widget elementor-widget-text-editor\" data-id=\"503ae29\" data-element_type=\"widget\" data-widget_type=\"text-editor.default\">\n\t\t\t\t<div class=\"elementor-widget-container\">\n\t\t\t\t\t\t\t<p><strong>Adress:<\/strong> buildify.earth AG, Suurstoffi 18b, 6343 Rotkreuz, Switzerland<\/p><p><strong>Phone:<\/strong>\u00a0 +41 41 531 13 23<\/p><p><strong>E-Mail:<\/strong>\u00a0 buildify@building-excellence.ch<\/p><p><strong>CEO:<\/strong> Sem Mattli.<\/p><p><strong>Chairman of the Board:<\/strong> Heinz M. Buhofer<\/p><p><b data-stringify-type=\"bold\">Company Identification (UID):\u00a0<\/b>CHE-149.088.048<\/p>\t\t\t\t\t\t<\/div>\n\t\t\t\t<\/div>\n\t\t\t\t\t<\/div>\n\t\t<\/div>\n\t\t\t\t\t\t\t<\/div>\n\t\t<\/section>\n\t\t\t\t\t<\/div>\n\t\t<\/div>\n\t\t\t\t\t\t\t<\/div>\n\t\t<\/section>\n\t\t\t\t\t\t\t<\/div>\n\t\t","protected":false},"excerpt":{"rendered":"<p>buildify.earth AG, Schweiz Adresse: buildify.earth AG, Suurstoffi 18b, 6343 Rotkreuz, Schweiz Telefon: +41 41 531 13 23 E-Mail: buildify@building-excellence.ch Gesch\u00e4ftsf\u00fchrung: Sem Mattli (CEO) Verwaltungsratspr\u00e4sident: Heinz M. Buhofer Unternehmens-Identifikationsnummer (UID): CHE-149.088.048 buildify.earth Inc., Switzerland Adress: buildify.earth AG, Suurstoffi 18b, 6343 Rotkreuz, Switzerland Phone:&nbsp; +41 41 531 13 23 E-Mail:&nbsp; buildify@building-excellence.ch CEO: Sem Mattli. Chairman of the [&hellip;]<\/p>\n","protected":false},"author":3,"featured_media":4770,"parent":0,"menu_order":0,"comment_status":"closed","ping_status":"closed","template":"page-templates\/landing-page.php","meta":[],"folder":[],"yoast_head":"<!-- This site is optimized with the Yoast SEO plugin v21.0 - https:\/\/yoast.com\/wordpress\/plugins\/seo\/ -->\n<title>Investitionen in nachhaltige Start-Ups aus der Baubranche<\/title>\n<meta name=\"description\" content=\"Buildify.earth ist eine Investmentgesellschaft, die Start-Ups dabei hilft, eine positive Wirkung zu entfalten. Gemeinsam f\u00fcr eine nachhaltig gebaute Umwelt!\" \/>\n<meta name=\"robots\" content=\"index, follow, max-snippet:-1, max-image-preview:large, max-video-preview:-1\" \/>\n<link rel=\"canonical\" href=\"https:\/\/buildify.earth\/de_ch\/impressum\/\" \/>\n<meta property=\"og:locale\" content=\"de_DE\" \/>\n<meta property=\"og:type\" content=\"article\" \/>\n<meta property=\"og:title\" content=\"Investitionen in nachhaltige Start-Ups aus der Baubranche\" \/>\n<meta property=\"og:description\" content=\"Buildify.earth ist eine Investmentgesellschaft, die Start-Ups dabei hilft, eine positive Wirkung zu entfalten. Gemeinsam f\u00fcr eine nachhaltig gebaute Umwelt!\" \/>\n<meta property=\"og:url\" content=\"https:\/\/buildify.earth\/de_ch\/impressum\/\" \/>\n<meta property=\"og:site_name\" content=\"Buildify Earth\" \/>\n<meta property=\"article:modified_time\" content=\"2023-10-12T01:42:46+00:00\" \/>\n<meta property=\"og:image\" content=\"https:\/\/buildify.earth\/wp-content\/uploads\/2023\/09\/buildifylogo.png\" \/>\n\t<meta property=\"og:image:width\" content=\"100\" \/>\n\t<meta property=\"og:image:height\" content=\"95\" \/>\n\t<meta property=\"og:image:type\" content=\"image\/png\" \/>\n<meta name=\"twitter:card\" content=\"summary_large_image\" \/>\n<meta name=\"twitter:label1\" content=\"Gesch\u00e4tzte Lesezeit\" \/>\n\t<meta name=\"twitter:data1\" content=\"1 Minute\" \/>\n<script type=\"application\/ld+json\" class=\"yoast-schema-graph\">{\"@context\":\"https:\/\/schema.org\",\"@graph\":[{\"@type\":\"WebPage\",\"@id\":\"https:\/\/buildify.earth\/impressum\/\",\"url\":\"https:\/\/buildify.earth\/impressum\/\",\"name\":\"Investitionen in nachhaltige Start-Ups aus der Baubranche\",\"isPartOf\":{\"@id\":\"https:\/\/buildify.earth\/#website\"},\"datePublished\":\"2023-06-19T13:41:23+00:00\",\"dateModified\":\"2023-10-12T01:42:46+00:00\",\"description\":\"Buildify.earth ist eine Investmentgesellschaft, die Start-Ups dabei hilft, eine positive Wirkung zu entfalten. Gemeinsam f\u00fcr eine nachhaltig gebaute Umwelt!\",\"breadcrumb\":{\"@id\":\"https:\/\/buildify.earth\/impressum\/#breadcrumb\"},\"inLanguage\":\"de-CH\",\"potentialAction\":[{\"@type\":\"ReadAction\",\"target\":[\"https:\/\/buildify.earth\/impressum\/\"]}]},{\"@type\":\"BreadcrumbList\",\"@id\":\"https:\/\/buildify.earth\/impressum\/#breadcrumb\",\"itemListElement\":[{\"@type\":\"ListItem\",\"position\":1,\"name\":\"Home\",\"item\":\"https:\/\/buildify.earth\/de_ch\/\"},{\"@type\":\"ListItem\",\"position\":2,\"name\":\"Impressum\"}]},{\"@type\":\"WebSite\",\"@id\":\"https:\/\/buildify.earth\/#website\",\"url\":\"https:\/\/buildify.earth\/\",\"name\":\"Buildify Earth\",\"description\":\"\",\"publisher\":{\"@id\":\"https:\/\/buildify.earth\/#organization\"},\"potentialAction\":[{\"@type\":\"SearchAction\",\"target\":{\"@type\":\"EntryPoint\",\"urlTemplate\":\"https:\/\/buildify.earth\/?s={search_term_string}\"},\"query-input\":\"required name=search_term_string\"}],\"inLanguage\":\"de-CH\"},{\"@type\":\"Organization\",\"@id\":\"https:\/\/buildify.earth\/#organization\",\"name\":\"Buildify Earth\",\"url\":\"https:\/\/buildify.earth\/\",\"logo\":{\"@type\":\"ImageObject\",\"inLanguage\":\"de-CH\",\"@id\":\"https:\/\/buildify.earth\/#\/schema\/logo\/image\/\",\"url\":\"https:\/\/buildify.earth\/wp-content\/uploads\/2023\/09\/logo.png\",\"contentUrl\":\"https:\/\/buildify.earth\/wp-content\/uploads\/2023\/09\/logo.png\",\"width\":300,\"height\":285,\"caption\":\"Buildify Earth\"},\"image\":{\"@id\":\"https:\/\/buildify.earth\/#\/schema\/logo\/image\/\"}}]}<\/script>\n<!-- \/ Yoast SEO plugin. -->","yoast_head_json":{"title":"Investitionen in nachhaltige Start-Ups aus der Baubranche","description":"Buildify.earth ist eine Investmentgesellschaft, die Start-Ups dabei hilft, eine positive Wirkung zu entfalten. Gemeinsam f\u00fcr eine nachhaltig gebaute Umwelt!","robots":{"index":"index","follow":"follow","max-snippet":"max-snippet:-1","max-image-preview":"max-image-preview:large","max-video-preview":"max-video-preview:-1"},"canonical":"https:\/\/buildify.earth\/de_ch\/impressum\/","og_locale":"de_DE","og_type":"article","og_title":"Investitionen in nachhaltige Start-Ups aus der Baubranche","og_description":"Buildify.earth ist eine Investmentgesellschaft, die Start-Ups dabei hilft, eine positive Wirkung zu entfalten. Gemeinsam f\u00fcr eine nachhaltig gebaute Umwelt!","og_url":"https:\/\/buildify.earth\/de_ch\/impressum\/","og_site_name":"Buildify Earth","article_modified_time":"2023-10-12T01:42:46+00:00","og_image":[{"width":100,"height":95,"url":"https:\/\/buildify.earth\/wp-content\/uploads\/2023\/09\/buildifylogo.png","type":"image\/png"}],"twitter_card":"summary_large_image","twitter_misc":{"Gesch\u00e4tzte Lesezeit":"1 Minute"},"schema":{"@context":"https:\/\/schema.org","@graph":[{"@type":"WebPage","@id":"https:\/\/buildify.earth\/impressum\/","url":"https:\/\/buildify.earth\/impressum\/","name":"Investitionen in nachhaltige Start-Ups aus der Baubranche","isPartOf":{"@id":"https:\/\/buildify.earth\/#website"},"datePublished":"2023-06-19T13:41:23+00:00","dateModified":"2023-10-12T01:42:46+00:00","description":"Buildify.earth ist eine Investmentgesellschaft, die Start-Ups dabei hilft, eine positive Wirkung zu entfalten. Gemeinsam f\u00fcr eine nachhaltig gebaute Umwelt!","breadcrumb":{"@id":"https:\/\/buildify.earth\/impressum\/#breadcrumb"},"inLanguage":"de-CH","potentialAction":[{"@type":"ReadAction","target":["https:\/\/buildify.earth\/impressum\/"]}]},{"@type":"BreadcrumbList","@id":"https:\/\/buildify.earth\/impressum\/#breadcrumb","itemListElement":[{"@type":"ListItem","position":1,"name":"Home","item":"https:\/\/buildify.earth\/de_ch\/"},{"@type":"ListItem","position":2,"name":"Impressum"}]},{"@type":"WebSite","@id":"https:\/\/buildify.earth\/#website","url":"https:\/\/buildify.earth\/","name":"Buildify Earth","description":"","publisher":{"@id":"https:\/\/buildify.earth\/#organization"},"potentialAction":[{"@type":"SearchAction","target":{"@type":"EntryPoint","urlTemplate":"https:\/\/buildify.earth\/?s={search_term_string}"},"query-input":"required name=search_term_string"}],"inLanguage":"de-CH"},{"@type":"Organization","@id":"https:\/\/buildify.earth\/#organization","name":"Buildify Earth","url":"https:\/\/buildify.earth\/","logo":{"@type":"ImageObject","inLanguage":"de-CH","@id":"https:\/\/buildify.earth\/#\/schema\/logo\/image\/","url":"https:\/\/buildify.earth\/wp-content\/uploads\/2023\/09\/logo.png","contentUrl":"https:\/\/buildify.earth\/wp-content\/uploads\/2023\/09\/logo.png","width":300,"height":285,"caption":"Buildify Earth"},"image":{"@id":"https:\/\/buildify.earth\/#\/schema\/logo\/image\/"}}]}},"_links":{"self":[{"href":"https:\/\/buildify.earth\/de_ch\/wp-json\/wp\/v2\/pages\/2589"}],"collection":[{"href":"https:\/\/buildify.earth\/de_ch\/wp-json\/wp\/v2\/pages"}],"about":[{"href":"https:\/\/buildify.earth\/de_ch\/wp-json\/wp\/v2\/types\/page"}],"author":[{"embeddable":true,"href":"https:\/\/buildify.earth\/de_ch\/wp-json\/wp\/v2\/users\/3"}],"replies":[{"embeddable":true,"href":"https:\/\/buildify.earth\/de_ch\/wp-json\/wp\/v2\/comments?post=2589"}],"version-history":[{"count":62,"href":"https:\/\/buildify.earth\/de_ch\/wp-json\/wp\/v2\/pages\/2589\/revisions"}],"predecessor-version":[{"id":6419,"href":"https:\/\/buildify.earth\/de_ch\/wp-json\/wp\/v2\/pages\/2589\/revisions\/6419"}],"wp:featuredmedia":[{"embeddable":true,"href":"https:\/\/buildify.earth\/de_ch\/wp-json\/wp\/v2\/media\/4770"}],"wp:attachment":[{"href":"https:\/\/buildify.earth\/de_ch\/wp-json\/wp\/v2\/media?parent=2589"}],"wp:term":[{"taxonomy":"folder","embeddable":true,"href":"https:\/\/buildify.earth\/de_ch\/wp-json\/wp\/v2\/folder?post=2589"}],"curies":[{"name":"wp","href":"https:\/\/api.w.org\/{rel}","templated":true}]}}